{"id":155,"date":"2012-06-19T23:09:19","date_gmt":"2012-06-19T23:09:19","guid":{"rendered":"http:\/\/campfirejukebox.com\/?page_id=155"},"modified":"2014-09-01T08:12:38","modified_gmt":"2014-09-01T08:12:38","slug":"the-duo","status":"publish","type":"page","link":"https:\/\/campfirejukebox.de\/?page_id=155","title":{"rendered":"The Duo"},"content":{"rendered":"<p><!--:de--><\/p>\n<p style=\"text-align: left;\"><strong>Campfire Jukebox als Duo<\/strong>: Georgetown &amp; TC &#8211; Vocals &amp; Guitar<\/p>\n<p><a href=\"http:\/\/campfirejukebox.de\/wp-content\/uploads\/2012\/06\/xP2052454.jpg\"><img loading=\"lazy\" title=\"OLYMPUS DIGITAL CAMERA\" src=\"http:\/\/campfirejukebox.de\/wp-content\/uploads\/2012\/06\/xP2052454-300x300.jpg\" alt=\"\" width=\"192\" height=\"192\" \/><\/a>\u00a0\u00a0\u00a0 \u00a0 \u00a0 <a href=\"http:\/\/campfirejukebox.de\/wp-content\/uploads\/2012\/06\/xP2052455.jpg\"><img loading=\"lazy\" title=\"OLYMPUS DIGITAL CAMERA\" src=\"http:\/\/campfirejukebox.de\/wp-content\/uploads\/2012\/06\/xP2052455-300x300.jpg\" alt=\"\" width=\"192\" height=\"192\" \/><\/a> \u00a0 \u00a0 \u00a0 <a href=\"http:\/\/campfirejukebox.de\/wp-content\/uploads\/2012\/06\/xP2052453.jpg\"><img loading=\"lazy\" title=\"OLYMPUS DIGITAL CAMERA\" src=\"http:\/\/campfirejukebox.de\/wp-content\/uploads\/2012\/06\/xP2052453-300x300.jpg\" alt=\"\" width=\"192\" height=\"192\" \/><\/a> <strong><\/strong><\/p>\n<p>In der Duo-Besetzung von <strong>Campfire Jukebox<\/strong> stehen die Gitarrenk\u00fcnste der beiden studierten Musiker ganz im Vordergrund. So kommen die Songs, die alle aus der Feder von Tomcat und Georgetown stammen, noch besser zur Geltung. Neben Gitarre und Gesang gibt es auch Banjo, Melodica, Mundharmonika und manchmal etwas Trompete zu h\u00f6ren.<\/p>\n<p><a href=\"http:\/\/campfirejukebox.de\/wp-content\/uploads\/2012\/06\/yP2012389.jpg\"><img loading=\"lazy\" class=\"wp-image-165 alignright\" title=\"OLYMPUS DIGITAL CAMERA\" src=\"http:\/\/campfirejukebox.de\/wp-content\/uploads\/2012\/06\/yP2012389-300x300.jpg\" alt=\"\" width=\"300\" height=\"300\" srcset=\"https:\/\/campfirejukebox.de\/wp-content\/uploads\/2012\/06\/yP2012389-300x300.jpg 300w, https:\/\/campfirejukebox.de\/wp-content\/uploads\/2012\/06\/yP2012389-150x150.jpg 150w, https:\/\/campfirejukebox.de\/wp-content\/uploads\/2012\/06\/yP2012389-1024x1024.jpg 1024w, https:\/\/campfirejukebox.de\/wp-content\/uploads\/2012\/06\/yP2012389.jpg 1181w\" sizes=\"(max-width: 300px) 100vw, 300px\" \/><\/a><strong>Georgetown<\/strong> hat Jazz und Klassik studiert, und spielt seit 2005 alles was in Berlin f\u00fcr einen Gitarristen so anf\u00e4llt. Er schreibt seit Jahren schon eigene Songs in Englisch, Deutsch und Holl\u00e4ndisch. Die Zusammenarbeit mit Tomcat und die Gr\u00fcndung von Campfire Jukebox war daher eine echtes Bed\u00fcrfnis, um seine originellen Songs einem Publikum zu pr\u00e4sentieren. Bei der Jukebox singt er und spielt Gitarre, Mandoline und Banjo, f\u00fcr die Aufnahmen auch mal Orgel oder Kontrabass.<\/p>\n<p><a href=\"http:\/\/campfirejukebox.de\/wp-content\/uploads\/2012\/06\/yP2052433.jpg\"><img loading=\"lazy\" class=\"size-medium wp-image-164 alignright\" title=\"OLYMPUS DIGITAL CAMERA\" src=\"http:\/\/campfirejukebox.de\/wp-content\/uploads\/2012\/06\/yP2052433-300x300.jpg\" alt=\"\" width=\"300\" height=\"300\" srcset=\"https:\/\/campfirejukebox.de\/wp-content\/uploads\/2012\/06\/yP2052433-300x300.jpg 300w, https:\/\/campfirejukebox.de\/wp-content\/uploads\/2012\/06\/yP2052433-150x150.jpg 150w, https:\/\/campfirejukebox.de\/wp-content\/uploads\/2012\/06\/yP2052433-1024x1024.jpg 1024w, https:\/\/campfirejukebox.de\/wp-content\/uploads\/2012\/06\/yP2052433.jpg 1181w\" sizes=\"(max-width: 300px) 100vw, 300px\" \/><\/a><\/p>\n<p><strong>Tomcat<\/strong> ist der kreative Kopf von Campfire Jukebox und Gr\u00fcndungsmitglied der ersten Stunde. Er ist ein Meister der Gitarre in den verschiedensten Stilrichtungen und singt mit unverwechselbarem Timbre. Au\u00dferdem spielt er f\u00fcr die Jukebox Mundhamonika, Banjo und Melodica. Im Studio ist Tomcat f\u00fcr den typischen Jukebox-Sound verantwortlich und spielt nebenbei auch mal Tasten oder Snare ein.<\/p>\n<p>&nbsp;<br \/>\nReinh\u00f6ren:<br \/>\n<a href=\"http:\/\/campfirejukebox.com\/?page_id=20\" title=\"The Music\" target=\"_blank\">The music<\/a><\/p>\n<p><iframe loading=\"lazy\" width=\"420\" height=\"315\" src=\"http:\/\/www.youtube.com\/embed\/SfLG-0rBkrw\" frameborder=\"0\" allowfullscreen><\/iframe><!--:--><!--:en--><\/p>\n<p style=\"text-align: left;\"><strong>Campfire Jukebox Duo<\/strong>: Georgetown &amp; TC &#8211; Vocals &amp; Guitar<\/p>\n<p><a href=\"http:\/\/campfirejukebox.de\/wp-content\/uploads\/2012\/06\/xP2052454.jpg\"><img loading=\"lazy\" title=\"OLYMPUS DIGITAL CAMERA\" src=\"http:\/\/campfirejukebox.de\/wp-content\/uploads\/2012\/06\/xP2052454-300x300.jpg\" alt=\"\" width=\"192\" height=\"192\" \/><\/a>\u00a0\u00a0\u00a0 \u00a0 \u00a0 <a href=\"http:\/\/campfirejukebox.de\/wp-content\/uploads\/2012\/06\/xP2052455.jpg\"><img loading=\"lazy\" title=\"OLYMPUS DIGITAL CAMERA\" src=\"http:\/\/campfirejukebox.de\/wp-content\/uploads\/2012\/06\/xP2052455-300x300.jpg\" alt=\"\" width=\"192\" height=\"192\" \/><\/a> \u00a0 \u00a0 \u00a0 <a href=\"http:\/\/campfirejukebox.de\/wp-content\/uploads\/2012\/06\/xP2052453.jpg\"><img loading=\"lazy\" title=\"OLYMPUS DIGITAL CAMERA\" src=\"http:\/\/campfirejukebox.de\/wp-content\/uploads\/2012\/06\/xP2052453-300x300.jpg\" alt=\"\" width=\"192\" height=\"192\" \/><\/a> <strong><\/strong><\/p>\n<p>The <strong>Campfire Jukebox duo<\/strong> puts the spotlight on the unique songwriting skills of Georgetown and Tomcat. There&#8217;s a lot of guitar picking going on, but its not all about guitars, there&#8217;s also some banjo, blues harp, melodica and trumpet &#8211; all combined to a mix of singer\/songwriter folk and acoustic groove.<\/p>\n<p><a href=\"http:\/\/campfirejukebox.de\/wp-content\/uploads\/2012\/06\/yP2012389.jpg\"><img loading=\"lazy\" class=\"wp-image-165 alignright\" title=\"OLYMPUS DIGITAL CAMERA\" src=\"http:\/\/campfirejukebox.de\/wp-content\/uploads\/2012\/06\/yP2012389-300x300.jpg\" alt=\"\" width=\"300\" height=\"300\" srcset=\"https:\/\/campfirejukebox.de\/wp-content\/uploads\/2012\/06\/yP2012389-300x300.jpg 300w, https:\/\/campfirejukebox.de\/wp-content\/uploads\/2012\/06\/yP2012389-150x150.jpg 150w, https:\/\/campfirejukebox.de\/wp-content\/uploads\/2012\/06\/yP2012389-1024x1024.jpg 1024w, https:\/\/campfirejukebox.de\/wp-content\/uploads\/2012\/06\/yP2012389.jpg 1181w\" sizes=\"(max-width: 300px) 100vw, 300px\" \/><\/a><strong>Georgetown<\/strong> studied jazz and classical guitar. Since 2005 he lives in Berlin as an allround guitar player. His songwriting includes a variety of styles, featuring lyrics in german, english and dutch. His main instruments next to the guitar are mandoline, banjo and trumpet, but he also did some piano and double bass for the Jukebox-CD.<\/p>\n<p><a href=\"http:\/\/campfirejukebox.de\/wp-content\/uploads\/2012\/06\/yP2052433.jpg\"><img loading=\"lazy\" class=\"size-medium wp-image-164 alignright\" title=\"OLYMPUS DIGITAL CAMERA\" src=\"http:\/\/campfirejukebox.de\/wp-content\/uploads\/2012\/06\/yP2052433-300x300.jpg\" alt=\"\" width=\"300\" height=\"300\" srcset=\"https:\/\/campfirejukebox.de\/wp-content\/uploads\/2012\/06\/yP2052433-300x300.jpg 300w, https:\/\/campfirejukebox.de\/wp-content\/uploads\/2012\/06\/yP2052433-150x150.jpg 150w, https:\/\/campfirejukebox.de\/wp-content\/uploads\/2012\/06\/yP2052433-1024x1024.jpg 1024w, https:\/\/campfirejukebox.de\/wp-content\/uploads\/2012\/06\/yP2052433.jpg 1181w\" sizes=\"(max-width: 300px) 100vw, 300px\" \/><\/a><\/p>\n<p><strong>Tomcat<\/strong> is founding member of Campfire Jukebox. He studied classical guitar after playing in a bluegrass\/skiffle-band for a while, and now he is able to perform a wide variety of styles, including blues and bluegrass, but also fast rock and heavy metal. He plays some blues harp, banjo and melodica as well and is responsible for the band&#8217;s unique studio sound.<br \/>\n&nbsp;<br \/>\nTake a listen:<br \/>\n<a href=\"http:\/\/campfirejukebox.com\/?page_id=20\" title=\"The Music\" target=\"_blank\">The music<\/a><\/p>\n<p><iframe loading=\"lazy\" width=\"420\" height=\"315\" src=\"http:\/\/www.youtube.com\/embed\/SfLG-0rBkrw\" frameborder=\"0\" allowfullscreen><\/iframe><!--:--><\/p>\n","protected":false},"excerpt":{"rendered":"<p>Campfire Jukebox als Duo: Georgetown &amp; TC &#8211; Vocals &amp; Guitar \u00a0\u00a0\u00a0 \u00a0 \u00a0 \u00a0 \u00a0 \u00a0 In der Duo-Besetzung von Campfire Jukebox stehen die Gitarrenk\u00fcnste der beiden studierten Musiker ganz im Vordergrund. So kommen die Songs, die alle aus &hellip; <a href=\"https:\/\/campfirejukebox.de\/?page_id=155\">Weiterlesen <span class=\"meta-nav\">&rarr;<\/span><\/a><\/p>\n","protected":false},"author":1,"featured_media":0,"parent":0,"menu_order":0,"comment_status":"closed","ping_status":"closed","template":"","meta":[],"_links":{"self":[{"href":"https:\/\/campfirejukebox.de\/index.php?rest_route=\/wp\/v2\/pages\/155"}],"collection":[{"href":"https:\/\/campfirejukebox.de\/index.php?rest_route=\/wp\/v2\/pages"}],"about":[{"href":"https:\/\/campfirejukebox.de\/index.php?rest_route=\/wp\/v2\/types\/page"}],"author":[{"embeddable":true,"href":"https:\/\/campfirejukebox.de\/index.php?rest_route=\/wp\/v2\/users\/1"}],"replies":[{"embeddable":true,"href":"https:\/\/campfirejukebox.de\/index.php?rest_route=%2Fwp%2Fv2%2Fcomments&post=155"}],"version-history":[{"count":1,"href":"https:\/\/campfirejukebox.de\/index.php?rest_route=\/wp\/v2\/pages\/155\/revisions"}],"predecessor-version":[{"id":283,"href":"https:\/\/campfirejukebox.de\/index.php?rest_route=\/wp\/v2\/pages\/155\/revisions\/283"}],"wp:attachment":[{"href":"https:\/\/campfirejukebox.de\/index.php?rest_route=%2Fwp%2Fv2%2Fmedia&parent=155"}],"curies":[{"name":"wp","href":"https:\/\/api.w.org\/{rel}","templated":true}]}}